{"id":2873,"date":"2021-09-15T10:23:25","date_gmt":"2021-09-15T10:23:25","guid":{"rendered":"https:\/\/wordpress.vecurosoft.com\/haarino\/?page_id=2873"},"modified":"2024-09-16T15:06:03","modified_gmt":"2024-09-16T15:06:03","slug":"about","status":"publish","type":"page","link":"https:\/\/siadajiogladaj.com\/","title":{"rendered":"About"},"content":{"rendered":"\t\t<div data-elementor-type=\"wp-page\" data-elementor-id=\"2873\" class=\"elementor elementor-2873\" data-elementor-post-type=\"page\">\n\t\t\t\t\t\t<section class=\"elementor-section elementor-top-section elementor-element elementor-element-3bd86bb elementor-section-full_width elementor-section-height-default elementor-section-height-default\" data-id=\"3bd86bb\" data-element_type=\"section\">\n\t\t\t\t\t\t<div class=\"elementor-container elementor-column-gap-no\">\n\t\t\t\t\t<div class=\"elementor-column elementor-col-100 elementor-top-column elementor-element elementor-element-70cd381\" data-id=\"70cd381\" data-element_type=\"column\">\n\t\t\t<div class=\"elementor-widget-wrap elementor-element-populated\">\n\t\t\t\t\t\t<div class=\"elementor-element elementor-element-d474496 elementor-widget elementor-widget-haarmaxsectiontitle\" data-id=\"d474496\" data-element_type=\"widget\" data-widget_type=\"haarmaxsectiontitle.default\">\n\t\t\t\t<div class=\"elementor-widget-container\">\n\t\t\t<div class=\"section-title\" ><div class=\"sec-icon\"><img decoding=\"async\" src=\"https:\/\/siadajiogladaj.com\/wp-content\/uploads\/2024\/09\/siadajiogladaj-tlo.jpg\" alt=\"siadajiogladaj tlo\"  \/><\/div><\/div>\t\t<\/div>\n\t\t\t\t<\/div>\n\t\t\t\t<section class=\"elementor-section elementor-inner-section elementor-element elementor-element-b611efd elementor-section-content-middle elementor-section-boxed elementor-section-height-default elementor-section-height-default\" data-id=\"b611efd\" data-element_type=\"section\">\n\t\t\t\t\t\t<div class=\"elementor-container elementor-column-gap-no\">\n\t\t\t\t\t<div class=\"elementor-column elementor-col-100 elementor-inner-column elementor-element elementor-element-181ce40\" data-id=\"181ce40\" data-element_type=\"column\">\n\t\t\t<div class=\"elementor-widget-wrap elementor-element-populated\">\n\t\t\t\t\t\t<div class=\"elementor-element elementor-element-ebe4405 elementor-widget elementor-widget-haarmaxservices\" data-id=\"ebe4405\" data-element_type=\"widget\" data-widget_type=\"haarmaxservices.default\">\n\t\t\t\t<div class=\"elementor-widget-container\">\n\t\t\t<!-----------------------Start Services Area-----------------------><div class=\"about-media-wrap\"><div class=\"d-md-flex gap-4 about-media text-center text-md-start\"><div class=\"media-img mb-30 mb-md-0\"><img decoding=\"async\" src=\"https:\/\/siadajiogladaj.com\/wp-content\/uploads\/2024\/09\/1-icons-e1726431880365.png\" alt=\"1 icons e1726431880365\"  \/><\/div><div class=\"media-body\"><h4 class=\"fw-semibold mb-1 mt-n1\">Siadaj i ogl\u0105daj ! <\/h4><p>Twoj\u0105 NOW\u0104 POLSK\u0104 \ud83c\uddf5\ud83c\uddf1 TELEWIZJ\u0118 \ud83d\udcfa\nBez ogranicze\u0144, co tylko chcesz i gdzie chcesz ! \ud83c\udf0d <\/p><\/div><\/div><div class=\"d-md-flex gap-4 about-media text-center text-md-start\"><div class=\"media-img mb-30 mb-md-0\"><img decoding=\"async\" src=\"https:\/\/siadajiogladaj.com\/wp-content\/uploads\/2024\/09\/2-icons-e1726431903463.png\" alt=\"2 icons e1726431903463\"  \/><\/div><div class=\"media-body\"><h4 class=\"fw-semibold mb-1 mt-n1\">Bo teraz mo\u017cesz, w autobusie \ud83d\ude8d, w parku\ud83c\udfde, na kempingu !<\/h4><p>W pracy i po pracy, wsz\u0119dzie tam gdzie masz INTERNET \ud83d\udedc i urz\u0105dzenie na kt\u00f3rym b\u0119dziesz ogl\u0105da\u0142 ! <\/p><\/div><\/div><div class=\"d-md-flex gap-4 about-media text-center text-md-start\"><div class=\"media-img mb-30 mb-md-0\"><img decoding=\"async\" src=\"https:\/\/siadajiogladaj.com\/wp-content\/uploads\/2024\/09\/3-icons-e1726431913789.png\" alt=\"3 icons e1726431913789\"  \/><\/div><div class=\"media-body\"><h4 class=\"fw-semibold mb-1 mt-n1\">PO SZCZEG\u00d3\u0141Y ZADZWO\u0143 LUB NAPISZ<\/h4><p>WYBIERZ CO LUBISZ I CIESZ SI\u0118 NOW\u0104 JAKO\u015aCI\u0104 TELEWZJI ! <\/p><\/div><\/div><div class=\"d-md-flex gap-4 about-media text-center text-md-start\"><div class=\"media-img mb-30 mb-md-0\"><img decoding=\"async\" src=\"https:\/\/siadajiogladaj.com\/wp-content\/uploads\/2024\/09\/4-icons-e1726431924215.png\" alt=\"4 icons e1726431924215\"  \/><\/div><div class=\"media-body\"><h4 class=\"fw-semibold mb-1 mt-n1\">W ofercie ponad 7\ufe0f\u20e30\ufe0f\u20e30\ufe0f\u20e30\ufe0f\u20e3 kana\u0142\u00f3w na \u017cywo<\/h4><p>we wszystkich j\u0119zykach, filmy \ud83d\udcfd i seriale, stare i nowe, baza aktualizowana na bie\u017c\u0105co! <\/p><\/div><\/div><\/div><!-----------------------End Services Area----------------------->\t\t<\/div>\n\t\t\t\t<\/div>\n\t\t\t\t\t<\/div>\n\t\t<\/div>\n\t\t\t\t\t<\/div>\n\t\t<\/section>\n\t\t\t\t\t<\/div>\n\t\t<\/div>\n\t\t\t\t\t<\/div>\n\t\t<\/section>\n\t\t<div class=\"elementor-element elementor-element-874e5e0 e-flex e-con-boxed e-con e-parent\" data-id=\"874e5e0\" data-element_type=\"container\">\n\t\t\t\t\t<div class=\"e-con-inner\">\n\t\t\t\t<div class=\"elementor-element elementor-element-558382d elementor-widget elementor-widget-text-editor\" data-id=\"558382d\" data-element_type=\"widget\" data-widget_type=\"text-editor.default\">\n\t\t\t\t<div class=\"elementor-widget-container\">\n\t\t\t\t\t\t\t<h2><strong>Telewizja z kraj\u00f3w:<\/strong><\/h2><h2>Anglia, Niemcy, Austria, Holandia, Belgia, Francja, Szwecja, Dania, Finlandia, Turcja, Rumunia, Bu\u0142garia, Litwa, W\u0142ochy, Hiszpania, Portugalia, Szwajcaria, Norwegia, W\u0119gry, Grecja, Indie, Czechy, Kanada, Ameryka, czyli praktycznie Polska, Europa i \u015awiat.<\/h2>\t\t\t\t\t\t<\/div>\n\t\t\t\t<\/div>\n\t\t\t\t\t<\/div>\n\t\t\t\t<\/div>\n\t\t\t\t<section class=\"elementor-section elementor-top-section elementor-element elementor-element-903f2c9 elementor-section-full_width elementor-section-height-default elementor-section-height-default\" data-id=\"903f2c9\" data-element_type=\"section\">\n\t\t\t\t\t\t<div class=\"elementor-container elementor-column-gap-no\">\n\t\t\t\t\t<div class=\"elementor-column elementor-col-100 elementor-top-column elementor-element elementor-element-6180950\" data-id=\"6180950\" data-element_type=\"column\">\n\t\t\t<div class=\"elementor-widget-wrap\">\n\t\t\t\t\t\t\t<\/div>\n\t\t<\/div>\n\t\t\t\t\t<\/div>\n\t\t<\/section>\n\t\t\t\t<section class=\"elementor-section elementor-top-section elementor-element elementor-element-7e7770a elementor-section-full_width elementor-section-height-default elementor-section-height-default\" data-id=\"7e7770a\" data-element_type=\"section\">\n\t\t\t\t\t\t<div class=\"elementor-container elementor-column-gap-no\">\n\t\t\t\t\t<div class=\"elementor-column elementor-col-100 elementor-top-column elementor-element elementor-element-9f44424\" data-id=\"9f44424\" data-element_type=\"column\">\n\t\t\t<div class=\"elementor-widget-wrap elementor-element-populated\">\n\t\t\t\t\t\t<section class=\"elementor-section elementor-inner-section elementor-element elementor-element-91467d2 elementor-section-content-middle elementor-section-boxed elementor-section-height-default elementor-section-height-default\" data-id=\"91467d2\" data-element_type=\"section\">\n\t\t\t\t\t\t<div class=\"elementor-container elementor-column-gap-no\">\n\t\t\t\t\t<div class=\"elementor-column elementor-col-100 elementor-inner-column elementor-element elementor-element-48ae043\" data-id=\"48ae043\" data-element_type=\"column\">\n\t\t\t<div class=\"elementor-widget-wrap elementor-element-populated\">\n\t\t\t\t\t\t<div class=\"elementor-element elementor-element-6359677 elementor-widget elementor-widget-haarmaxservices\" data-id=\"6359677\" data-element_type=\"widget\" data-widget_type=\"haarmaxservices.default\">\n\t\t\t\t<div class=\"elementor-widget-container\">\n\t\t\t<!-----------------------Start Services Area-----------------------><div class=\"about-media-wrap\"><div class=\"d-md-flex gap-4 about-media text-center text-md-start\"><div class=\"media-img mb-30 mb-md-0\"><img decoding=\"async\" src=\"https:\/\/siadajiogladaj.com\/wp-content\/uploads\/2024\/09\/5-icons.png\" alt=\"5 icons\"  \/><\/div><div class=\"media-body\"><h4 class=\"fw-semibold mb-1 mt-n1\">Ponad 2\ufe0f\u20e30\ufe0f\u20e3 0\ufe0f\u20e30\ufe0f\u20e30\ufe0f\u20e3 FILM\u00d3W I SERIALI !<\/h4><p>Z nami nie powiesz, \u017ce nie masz co obejrze\u0107 ! \ud83d\ude09 <\/p><\/div><\/div><div class=\"d-md-flex gap-4 about-media text-center text-md-start\"><div class=\"media-img mb-30 mb-md-0\"><img decoding=\"async\" src=\"https:\/\/siadajiogladaj.com\/wp-content\/uploads\/2024\/09\/6-icons.png\" alt=\"6 icons\"  \/><\/div><div class=\"media-body\"><h4 class=\"fw-semibold mb-1 mt-n1\">Bez umowy \ud83d\udcc3, bez zb\u0119dnych formalno\u015bci <\/h4><p>ale z pomoc\u0105 przy instalacji i pe\u0142nym  wsparciem podczas u\u017cytkowania.\nBez dekodera i anteny \ud83d\udce1, jedyne czego potrzebujesz to internet \ud83d\udedc. <\/p><\/div><\/div><div class=\"d-md-flex gap-4 about-media text-center text-md-start\"><div class=\"media-img mb-30 mb-md-0\"><img decoding=\"async\" src=\"https:\/\/siadajiogladaj.com\/wp-content\/uploads\/2024\/09\/7-icons.png\" alt=\"7 icons\"  \/><\/div><div class=\"media-body\"><h4 class=\"fw-semibold mb-1 mt-n1\">Darmowy 2\ufe0f\u20e34\ufe0f\u20e3h \u23f1\ufe0f test \ud83c\udd93\ufe0f przed zakupem. <\/h4><\/div><\/div><div class=\"d-md-flex gap-4 about-media text-center text-md-start\"><div class=\"media-img mb-30 mb-md-0\"><img decoding=\"async\" src=\"https:\/\/siadajiogladaj.com\/wp-content\/uploads\/2024\/09\/8-icons.png\" alt=\"8 icons\"  \/><\/div><div class=\"media-body\"><h4 class=\"fw-semibold mb-1 mt-n1\">Multiroom i dodatkowe opcje.<\/h4><p>Sprawd\u017a, to nic nie kosztuje a gwarantuje \u017ce b\u0119dziesz zadowolony! \n<\/p><\/div><\/div><\/div><!-----------------------End Services Area----------------------->\t\t<\/div>\n\t\t\t\t<\/div>\n\t\t\t\t\t<\/div>\n\t\t<\/div>\n\t\t\t\t\t<\/div>\n\t\t<\/section>\n\t\t\t\t\t<\/div>\n\t\t<\/div>\n\t\t\t\t\t<\/div>\n\t\t<\/section>\n\t\t<div class=\"elementor-element elementor-element-39e8342 e-flex e-con-boxed e-con e-parent\" data-id=\"39e8342\" data-element_type=\"container\">\n\t\t\t\t\t<div class=\"e-con-inner\">\n\t\t<div class=\"elementor-element elementor-element-c2ddd2b e-con-full e-flex e-con e-child\" data-id=\"c2ddd2b\" data-element_type=\"container\">\n\t\t\t\t<div class=\"elementor-element elementor-element-cb0909e elementor-widget elementor-widget-image\" data-id=\"cb0909e\" data-element_type=\"widget\" data-widget_type=\"image.default\">\n\t\t\t\t<div class=\"elementor-widget-container\">\n\t\t\t\t\t\t\t\t\t\t\t\t\t<img fetchpriority=\"high\" decoding=\"async\" width=\"682\" height=\"1024\" src=\"https:\/\/siadajiogladaj.com\/wp-content\/uploads\/2024\/09\/974-682x1024.jpg\" class=\"attachment-large size-large wp-image-7135\" alt=\"\" srcset=\"https:\/\/siadajiogladaj.com\/wp-content\/uploads\/2024\/09\/974-682x1024.jpg 682w, https:\/\/siadajiogladaj.com\/wp-content\/uploads\/2024\/09\/974-200x300.jpg 200w, https:\/\/siadajiogladaj.com\/wp-content\/uploads\/2024\/09\/974-768x1152.jpg 768w, https:\/\/siadajiogladaj.com\/wp-content\/uploads\/2024\/09\/974-1024x1536.jpg 1024w, https:\/\/siadajiogladaj.com\/wp-content\/uploads\/2024\/09\/974-600x900.jpg 600w, https:\/\/siadajiogladaj.com\/wp-content\/uploads\/2024\/09\/974.jpg 1333w\" sizes=\"(max-width: 682px) 100vw, 682px\" \/>\t\t\t\t\t\t\t\t\t\t\t\t\t<\/div>\n\t\t\t\t<\/div>\n\t\t\t\t<\/div>\n\t\t<div class=\"elementor-element elementor-element-7d7a3b0 e-con-full e-flex e-con e-child\" data-id=\"7d7a3b0\" data-element_type=\"container\">\n\t\t\t\t<div class=\"elementor-element elementor-element-05b77d7 elementor-widget elementor-widget-text-editor\" data-id=\"05b77d7\" data-element_type=\"widget\" data-widget_type=\"text-editor.default\">\n\t\t\t\t<div class=\"elementor-widget-container\">\n\t\t\t\t\t\t\t<h4>Zadzwo\u0144 <img decoding=\"async\" class=\"emoji\" role=\"img\" draggable=\"false\" src=\"https:\/\/s.w.org\/images\/core\/emoji\/15.0.3\/svg\/260e.svg\" alt=\"\u260e\ufe0f\" \/> lub napisz do mnie <img decoding=\"async\" class=\"emoji\" role=\"img\" draggable=\"false\" src=\"https:\/\/s.w.org\/images\/core\/emoji\/15.0.3\/svg\/1f58b.svg\" alt=\"\ud83d\udd8b\" \/>. <br \/>Wyja\u015bni\u0119 jak to dzia\u0142a, przedstawi\u0119 ofert\u0119, <br \/>pakiety i odpowiem na Twoje pytania.<\/h4><h4>www.siadajiogladaj.com<br \/><br \/>email: <br \/>siadajiogladaj@gmail.com<br \/><br \/>Facebook lub messenger:<br \/>@siadaj i ogl\u0105daj<br \/><br \/>Nr kontaktowy: +44 7404 552995 <br \/>WhatsApp i Telegram<\/h4>\t\t\t\t\t\t<\/div>\n\t\t\t\t<\/div>\n\t\t\t\t<div class=\"elementor-element elementor-element-e4c91e3 elementor-widget elementor-widget-image\" data-id=\"e4c91e3\" data-element_type=\"widget\" data-widget_type=\"image.default\">\n\t\t\t\t<div class=\"elementor-widget-container\">\n\t\t\t\t\t\t\t\t\t\t\t\t\t<img decoding=\"async\" width=\"751\" height=\"501\" src=\"https:\/\/siadajiogladaj.com\/wp-content\/uploads\/2024\/09\/10429-1024x683.jpg\" class=\"attachment-large size-large wp-image-7136\" alt=\"\" srcset=\"https:\/\/siadajiogladaj.com\/wp-content\/uploads\/2024\/09\/10429-1024x683.jpg 1024w, https:\/\/siadajiogladaj.com\/wp-content\/uploads\/2024\/09\/10429-300x200.jpg 300w, https:\/\/siadajiogladaj.com\/wp-content\/uploads\/2024\/09\/10429-768x512.jpg 768w, https:\/\/siadajiogladaj.com\/wp-content\/uploads\/2024\/09\/10429-600x400.jpg 600w, https:\/\/siadajiogladaj.com\/wp-content\/uploads\/2024\/09\/10429-e1726430967703.jpg 1333w\" sizes=\"(max-width: 751px) 100vw, 751px\" \/>\t\t\t\t\t\t\t\t\t\t\t\t\t<\/div>\n\t\t\t\t<\/div>\n\t\t\t\t<\/div>\n\t\t\t\t\t<\/div>\n\t\t\t\t<\/div>\n\t\t<div class=\"elementor-element elementor-element-5783a3d e-flex e-con-boxed e-con e-parent\" data-id=\"5783a3d\" data-element_type=\"container\">\n\t\t\t\t\t<div class=\"e-con-inner\">\n\t\t\t\t<div class=\"elementor-element elementor-element-4325ee9 elementor-widget elementor-widget-image\" data-id=\"4325ee9\" data-element_type=\"widget\" data-widget_type=\"image.default\">\n\t\t\t\t<div class=\"elementor-widget-container\">\n\t\t\t\t\t\t\t\t\t\t\t\t\t<img decoding=\"async\" width=\"751\" height=\"89\" src=\"https:\/\/siadajiogladaj.com\/wp-content\/uploads\/2024\/09\/siio-1-1024x122.png\" class=\"attachment-large size-large wp-image-7138\" alt=\"\" srcset=\"https:\/\/siadajiogladaj.com\/wp-content\/uploads\/2024\/09\/siio-1-1024x122.png 1024w, https:\/\/siadajiogladaj.com\/wp-content\/uploads\/2024\/09\/siio-1-300x36.png 300w, https:\/\/siadajiogladaj.com\/wp-content\/uploads\/2024\/09\/siio-1-768x92.png 768w, https:\/\/siadajiogladaj.com\/wp-content\/uploads\/2024\/09\/siio-1-1536x183.png 1536w, https:\/\/siadajiogladaj.com\/wp-content\/uploads\/2024\/09\/siio-1-600x72.png 600w, https:\/\/siadajiogladaj.com\/wp-content\/uploads\/2024\/09\/siio-1.png 1871w\" sizes=\"(max-width: 751px) 100vw, 751px\" \/>\t\t\t\t\t\t\t\t\t\t\t\t\t<\/div>\n\t\t\t\t<\/div>\n\t\t\t\t\t<\/div>\n\t\t\t\t<\/div>\n\t\t\t\t<\/div>\n\t\t","protected":false},"excerpt":{"rendered":"<p>Siadaj i ogl\u0105daj ! Twoj\u0105 NOW\u0104 POLSK\u0104 \ud83c\uddf5\ud83c\uddf1 TELEWIZJ\u0118 \ud83d\udcfa Bez ogranicze\u0144, co tylko chcesz i gdzie chcesz ! \ud83c\udf0d Bo teraz mo\u017cesz, w autobusie \ud83d\ude8d, w parku\ud83c\udfde, na kempingu ! W pracy i po pracy, wsz\u0119dzie tam gdzie masz INTERNET \ud83d\udedc i urz\u0105dzenie na kt\u00f3rym b\u0119dziesz ogl\u0105da\u0142 ! PO SZCZEG\u00d3\u0141Y ZADZWO\u0143 LUB NAPISZ WYBIERZ&#8230;<\/p>\n","protected":false},"author":1,"featured_media":0,"parent":0,"menu_order":0,"comment_status":"closed","ping_status":"closed","template":"layerslider-blank","meta":{"footnotes":""},"class_list":["post-2873","page","type-page","status-publish","hentry"],"_links":{"self":[{"href":"https:\/\/siadajiogladaj.com\/index.php?rest_route=\/wp\/v2\/pages\/2873"}],"collection":[{"href":"https:\/\/siadajiogladaj.com\/index.php?rest_route=\/wp\/v2\/pages"}],"about":[{"href":"https:\/\/siadajiogladaj.com\/index.php?rest_route=\/wp\/v2\/types\/page"}],"author":[{"embeddable":true,"href":"https:\/\/siadajiogladaj.com\/index.php?rest_route=\/wp\/v2\/users\/1"}],"replies":[{"embeddable":true,"href":"https:\/\/siadajiogladaj.com\/index.php?rest_route=%2Fwp%2Fv2%2Fcomments&post=2873"}],"version-history":[{"count":68,"href":"https:\/\/siadajiogladaj.com\/index.php?rest_route=\/wp\/v2\/pages\/2873\/revisions"}],"predecessor-version":[{"id":7198,"href":"https:\/\/siadajiogladaj.com\/index.php?rest_route=\/wp\/v2\/pages\/2873\/revisions\/7198"}],"wp:attachment":[{"href":"https:\/\/siadajiogladaj.com\/index.php?rest_route=%2Fwp%2Fv2%2Fmedia&parent=2873"}],"curies":[{"name":"wp","href":"https:\/\/api.w.org\/{rel}","templated":true}]}}